{"id":42309,"date":"2025-10-28T07:50:03","date_gmt":"2025-10-28T06:50:03","guid":{"rendered":"https:\/\/nprofit.net\/pl\/?page_id=42309"},"modified":"2025-10-28T07:51:04","modified_gmt":"2025-10-28T06:51:04","slug":"polityka-prywatnosci","status":"publish","type":"page","link":"https:\/\/nprofit.net\/pl\/polityka-prywatnosci\/","title":{"rendered":"Polityka prywatno\u015bci"},"content":{"rendered":"\t\t<div data-elementor-type=\"wp-page\" data-elementor-id=\"42309\" class=\"elementor elementor-42309\" data-elementor-post-type=\"page\">\n\t\t\t\t<div class=\"elementor-element elementor-element-6ede91ee e-flex e-con-boxed e-con e-parent\" data-id=\"6ede91ee\" data-element_type=\"container\" data-e-type=\"container\">\n\t\t\t\t\t<div class=\"e-con-inner\">\n\t\t\t\t<div class=\"elementor-element elementor-element-ec289bc elementor-widget elementor-widget-heading\" data-id=\"ec289bc\" data-element_type=\"widget\" data-e-type=\"widget\" data-widget_type=\"heading.default\">\n\t\t\t\t\t<h2 class=\"elementor-heading-title elementor-size-default\">Polityka prywatno\u015bci<\/h2>\t\t\t\t<\/div>\n\t\t\t\t<div class=\"elementor-element elementor-element-3e9b72be elementor-widget elementor-widget-text-editor\" data-id=\"3e9b72be\" data-element_type=\"widget\" data-e-type=\"widget\" data-widget_type=\"text-editor.default\">\n\t\t\t\t\t\t\t\t\t\n<p><strong>Art. 1.<\/strong><\/p>\n\n<p>1. Informujemy, \u017ce Administratorem danych osobowych jest NPROFIT Kamil Rybicki z siedzib\u0105 w Raczycach przy ul. Nowej 23, 63-430 Raczyce., tel: +48 535-521-978, e-mail: biuro@nprofit.pl.<br \/>2. U\u017cytkownikiem w rozumieniu niniejszej Polityki Prywatno\u015bci jest osoba fizyczna korzystaj\u0105ca z niniejszej strony internetowej Administratora, w tym z formularzy kontaktowych oraz innych dost\u0119pnych tre\u015bci.<br \/>3. Kontakt z w sprawach dotycz\u0105cych przetwarzania danych osobowych przez Administratora: marcin.majchrzak@nprofit.pl.<\/p>\n\n<p><strong>Art. 2.<\/strong><\/p>\n\n<p>1. Administrator przetwarza osobowe U\u017cytkownika w celu obs\u0142ugi zapytania lub zam\u00f3wienia z\u0142o\u017conego przez formularz kontaktowy, oraz w zwi\u0105zku z wysy\u0142aniem powiadomie\u0144 informacyjnych o dzia\u0142alno\u015bci Administratora.<br \/>2. Podanie przez U\u017cytkownika danych osobowych podczas kontaktu jest dobrowolne, a gromadzone dane b\u0119d\u0105 wykorzystywane adekwatnie w celach:<br \/>a) udzielenia odpowiedzi,<br \/>b) przedstawienia oferty Administratora,<br \/>c) przeprowadzenia szkolenia,<br \/>d) zabezpieczenia system\u00f3w sieciowych Administratora,<br \/>e) statystycznych,<br \/>f) przesy\u0142ania newslettera z powiadomieniami nt. wpis\u00f3w na blogu i nowych us\u0142ugach.<br \/>3. Wyra\u017cenie zgody poprzez podanie danych kontaktowych jest dobrowolne, lecz w niekt\u00f3rych przypadkach ich nie podanie mo\u017ce uniemo\u017cliwi\u0107 obs\u0142ug\u0119 zapytania lub zam\u00f3wienia z\u0142o\u017conego przez formularz kontaktowy.<\/p>\n\n<p><strong>Art. 3.<\/strong><\/p>\n\n<p>Podstawy prawne przetwarzania danych osobowych dla cel\u00f3w podanych w art. 2 ust. 2 s\u0105 nast\u0119puj\u0105ce:<br \/>\u2013 przetwarzanie jest niezb\u0119dne do wykonania umowy, kt\u00f3rej stron\u0105 jest osoba, kt\u00f3rej dane dotycz\u0105, lub do podj\u0119cia dzia\u0142a\u0144 na \u017c\u0105danie osoby, kt\u00f3rej dane dotycz\u0105, przed zawarciem umowy \u2013 w przypadku lit. a-c,<br \/>\u2013 przetwarzanie jest niezb\u0119dne do cel\u00f3w wynikaj\u0105cych z prawnie uzasadnionych interes\u00f3w realizowanych przez administratora \u2013 w przypadku lit. d-e,<br \/>\u2013 wyra\u017cenie zgody przez osob\u0119, kt\u00f3rych dane dotycz\u0105 \u2013 w przypadku lit. f.<\/p>\n\n<p><strong>Art. 4.<\/strong><\/p>\n\n<p>Administrator, w zale\u017cno\u015bci od wskazanego w art. 2 celu, ma mo\u017cliwo\u015b\u0107 gromadzenia nast\u0119puj\u0105cych danych:<br \/>\u2013 imi\u0119 i nazwisko,<br \/>\u2013 numer telefonu kontaktowego,<br \/>\u2013 adres poczty elektronicznej e-mail,<br \/>\u2013 adres domeny internetowej,<br \/>\u2013 adres IP,<br \/>\u2013 meta dane przesy\u0142ane przez przegl\u0105dark\u0119.<\/p>\n\n<p><strong>Art. 5.<\/strong><\/p>\n\n<p>1. Dane osobowe U\u017cytkownika zwi\u0105zane z celami wymienionymi w art. 2 b\u0119d\u0105 przetwarzane przez Administratora oraz zaufane podmioty przetwarzaj\u0105ce, kt\u00f3re, zgodnie z zawartymi umowami, zapewniaj\u0105 adekwatne i odpowiednie \u015brodki techniczne oraz organizacyjne celem ochrony powierzonych danych osobowych.<br \/>2. Niekt\u00f3re dane b\u0119d\u0105 przetwarzane przez Administratora oraz partnera, tj. przedsi\u0119biorstwo Google Inc. z siedzib\u0105 w USA, kt\u00f3rej narz\u0119dzie pomiaru odbiorc\u00f3w w sieci web (Google Analytics) u\u017cywa Administrator. Dane te s\u0105 anonimowe oraz nie s\u0105 udost\u0119pniane dalej. Wskazany partner przyst\u0105pi\u0142 do porozumienia w sprawie Tarczy Prywatno\u015bci UE-USA, za\u015b zgodnie z decyzj\u0105 Komisji Europejskiej z dnia 12 lipca 2016 r. IP\/16\/216 przekazywanie danych osobowych do podmiot\u00f3w z siedzib\u0105 w Stanach Zjednoczonych, kt\u00f3re przyst\u0105pi\u0142y do ww. porozumienia, zapewnia odpowiedni stopie\u0144 ochrony danych osobowych, zgodnie z art. 45 RODO.<\/p>\n\n<p><strong>Art. 6.<\/strong><\/p>\n\n<p>1. U\u017cytkownikowi przys\u0142uguje prawo do:<br \/>\u2013 dost\u0119pu do swoich danych osobowych,<br \/>\u2013 sprostowania swoich danych osobowych,<br \/>\u2013 usuni\u0119cia swoich danych osobowych,<br \/>\u2013 ograniczenia swoich przetwarzania danych osobowych,<br \/>\u2013 przenoszenia swoich danych osobowych,<br \/>\u2013 wniesienia sprzeciwu do przetwarzania swoich danych osobowych,<br \/>\u2013 cofni\u0119cia wcze\u015bniej wyra\u017conej zgody na przetwarzanie swoich danych osobowych.<br \/>2. Aby skorzysta\u0107 ze swoich uprawnie\u0144, U\u017cytkownik powinien wys\u0142a\u0107 wiadomo\u015b\u0107 elektroniczn\u0105 e-mail wraz ze swoim \u017c\u0105daniem na adres: marcin.majchrzak@nprofit.pl.<\/p>\n\n<p><strong>Art. 7.<\/strong><\/p>\n\n<p>1. Administrator przechowuje dane osobowe U\u017cytkownik\u00f3w przez okres nie d\u0142u\u017cszy, ni\u017c jest to niezb\u0119dne do obs\u0142ugi z\u0142o\u017conego zapytania lub zam\u00f3wienia, w tym przygotowania spersonalizowanej oferty handlowej oraz umo\u017cliwiaj\u0105cy Administratorowi wykonanie ci\u0105\u017c\u0105cych na nim obowi\u0105zk\u00f3w, jak i do momentu cofni\u0119cia udzielonej uprzednio zgody.<br \/>2. W ka\u017cdym momencie U\u017cytkownik mo\u017ce z\u0142o\u017cy\u0107 wniosek o usuni\u0119cie jego danych osobowych. W takim przypadku zostan\u0105 one usuni\u0119te niezw\u0142ocznie, co mo\u017ce si\u0119 wi\u0105za\u0107 z przerwaniem obs\u0142ugi z\u0142o\u017conego zapytania.<\/p>\n\n<p><strong>Art. 8.<\/strong><\/p>\n\n<p>1. Aby zapewni\u0107 poprawne dzia\u0142anie serwisu, a w szczeg\u00f3lno\u015bci dostosowa\u0107 zawarto\u015b\u0107 do preferencji U\u017cytkownika oraz zoptymalizowa\u0107 korzystanie z serwisu Administrator, mo\u017ce korzysta\u0107 z mo\u017cliwo\u015bci urz\u0105dzenia ko\u0144cowego do przetwarzania i przechowywania oraz mo\u017ce gromadzi\u0107 informacje z urz\u0105dzenia ko\u0144cowego U\u017cytkownika.<br \/>2. Dane opisane w ust. 1 b\u0119d\u0105 u\u017cywane przez Administratora wy\u0142\u0105cznie w zakresie koniecznym do \u015bwiadczenia us\u0142ug \u017c\u0105danych przez U\u017cytkownika oraz do ochrony system\u00f3w sieciowych.<br \/>3. U\u017cytkownik mo\u017ce sam zadecydowa\u0107 jakie dane zostan\u0105 przes\u0142ane do Administratora zmieniaj\u0105c ustawienia swojej przegl\u0105darki (np. blokuj\u0105c zapisywanie plik\u00f3w Cookie).<br \/>4. Strona korzysta ze skrypt\u00f3w analizuj\u0105cych ruch sieciowy (Google Analytics) dostarczanych przez firm\u0119 Google Inc. z siedzib\u0105 w USA. Skrypty te mog\u0105 zapisywa\u0107 na jego urz\u0105dzeniu ko\u0144cowym dane (np. pliki Cookie). U\u017cytkownik mo\u017ce nie wyrazi\u0107 zgody na to blokuj\u0105c ciastka i inne dane z witryn zewn\u0119trznych podmiot\u00f3w w swojej przegl\u0105darce.<br \/>5. Instrukcje jak zmieni\u0107 ustawienia opisane powy\u017cej mo\u017cna znale\u017a\u0107 w ustawieniach przegl\u0105darki, jej instrukcji obs\u0142ugi lub na stronie www producenta.<br \/>6. U\u017cytkownik mo\u017ce w ka\u017cdej chwili usun\u0105\u0107 pliki cookies, korzystaj\u0105c z dost\u0119pnych funkcji w przegl\u0105darce internetowej, kt\u00f3rej u\u017cywa. Ograniczenie stosowania plik\u00f3w cookies mo\u017ce wp\u0142yn\u0105\u0107 na niekt\u00f3re funkcjonalno\u015bci dost\u0119pne na stronie internetowej serwisu.<\/p>\n\n<p><strong>Art. 9.<\/strong><\/p>\n\n<p>1. Administrator stosuje \u015brodki techniczne i organizacyjne zapewniaj\u0105ce ochron\u0119 przetwarzanych danych osobowych odpowiedni\u0105 do zagro\u017ce\u0144 oraz kategorii danych obj\u0119tych ochron\u0105, a w szczeg\u00f3lno\u015bci zabezpiecza dane przed ich udost\u0119pnieniem osobom nieupowa\u017cnionym, zabraniem przez osob\u0119 nieuprawnion\u0105, przetwarzaniem z naruszeniem obowi\u0105zuj\u0105cych przepis\u00f3w oraz zmian\u0105, utrat\u0105, uszkodzeniem lub zniszczeniem.<br \/>2. Dane osobowe U\u017cytkownika s\u0105 przechowywane w bazie danych, do kt\u00f3rej zastosowano \u015brodki techniczne i organizacyjne zapewniaj\u0105ce ochron\u0119 przetwarzanych danych zgodne z wymaganiami okre\u015blonymi przez przepisy prawa dotycz\u0105ce ochrony danych osobowych.<br \/>3. Dost\u0119p do bazy maj\u0105 jedynie osoby posiadaj\u0105ce upowa\u017cnienia nadane przez Administratora.<br \/>4. Administrator odpowiednio udost\u0119pnia nast\u0119puj\u0105ce \u015brodki techniczne zapobiegaj\u0105ce pozyskiwaniu i modyfikowaniu przez osoby nieuprawnione danych osobowych przesy\u0142anych drog\u0105 elektroniczn\u0105:<br \/>\u2013 zabezpieczenie zbioru danych przed nieuprawnionym dost\u0119pem.<br \/>\u2013 certyfikat SSL na stronie internetowej.<\/p>\n\n<p><strong>Art. 10<\/strong><\/p>\n\n<p>1. U\u017cytkownikowi przys\u0142uguje prawo do wniesienia sprzeciwu wobec przetwarzania jego danych osobowych, na podstawie kt\u00f3rego Administrator przestanie przetwarza\u0107 dane we wskazanym zakresie lub celu. Aby zg\u0142osi\u0107 sprzeciw nale\u017cy wys\u0142a\u0107 wiadomo\u015b\u0107 na adres marcin.majchrzak@nprofit.pl.<br \/>2. U\u017cytkownik ma prawo wniesienia skargi na Administratora do organu nadzorczego, kt\u00f3rym jest Prezes Urz\u0119du Ochrony Danych Osobowych.<\/p>\n\n<p><strong>10a Dzia\u0142ania nieprawid\u0142owe u\u017cytkownik\u00f3w<\/strong><\/p>\n\n<p>1.U\u017cytkownik jest uprawniony do korzystania z niniejszej strony internetowej i jej funkcjonalno\u015bci tylko i wy\u0142\u0105cznie zgodnie z jej przeznaczeniem w granicach przewidzianych przepisami prawa i dobrych obyczaj\u00f3w z poszanowaniem praw i d\u00f3br innych os\u00f3b.<\/p>\n\n<p>2. Maj\u0105c na uwadze ust. 1 U\u017cytkownik zobowi\u0105zany jest w szczeg\u00f3lno\u015bci do:<\/p>\n\n<p>a) niepodejmowania dzia\u0142a\u0144\u0301, kt\u00f3re mog\u0142yby zak\u0142\u00f3ci\u0107\u0301 prawid\u0142owe funkcjonowanie niniejszej strony internetowej,<\/p>\n\n<p>b) niepodejmowania dzia\u0142a\u0144\u0301 bezprawnych, w tym przesy\u0142ania lub publikowania z wykorzystaniem funkcjonalno\u015bci niniejszej strony internetowej tre\u015bci naruszaj\u0105cych przepisy prawa, dobra osobiste, tre\u015bci zawieraj\u0105cych lub rozpowszechniaj\u0105cych pornografi\u0119 dzieci\u0119c\u0105\u0328 lub tre\u015bci terrorystycznych i naruszaj\u0105cych cudze prawa w\u0142asno\u015bci intelektualnej, a tak\u017ce tre\u015bci o charakterze dyskryminuj\u0105cym lub rasistowskim,<\/p>\n\n<p>c) powstrzymywania si\u0119\u0328 od dzia\u0142ania w z\u0142ej wierze, od nadu\u017cywania funkcjonalno\u015bci niniejszej strony internetowej, korzystania z niniejszej strony internetowej niezgodnie z jego przeznaczeniem.<\/p>\n\n<p>3. U\u017cytkownicy zobowi\u0105zani s\u0105 do przestrzegania niniejszego i kolejnego paragrafu oraz przepis\u00f3w prawa w ka\u017cdej sytuacji i w spos\u00f3b ci\u0105g\u0142y.<\/p>\n\n<p>4. Administrator jest uprawniony do monitorowania publikacji dokonywanych przez U\u017cytkownik\u00f3w w ramach niniejszej strony internetowej i serwis\u00f3w powi\u0105zanych w celu ich zgodno\u015bci z prawem i dobrymi obyczajami, i w przypadku naruszenia tych\u017ce jest uprawniony do usuni\u0119cia stosownych wpis\u00f3w oraz w przypadku, gdyby mog\u0142y one stanowi\u0107 przest\u0119pstwo, do poinformowania odpowiednich s\u0142u\u017cb publicznych.<\/p>\n\n<p>5. Ka\u017cdy U\u017cytkownik mo\u017ce zg\u0142osi\u0107 Administratorowi tre\u015bci bezprawne, sprzeczne z normami, a rozpowszechniane w oparciu o us\u0142ugi niniejszej strony internetowej. Zg\u0142oszenia dokonuje si\u0119 w oparciu o adres e-mail majchrzak@nprofit.pl. Zg\u0142aszaj\u0105cy zobowi\u0105zany jest poda\u0107 dane umo\u017cliwiaj\u0105ce Administratorowi dokonanie weryfikacji zg\u0142oszenia, ustalenia tre\u015bci do kt\u00f3rej zg\u0142oszenie jest adresowane, wyja\u015bnienie powod\u00f3w dla kt\u00f3rych sk\u0142ada zg\u0142oszenie oraz swoich danych kontaktowych.<\/p>\n\n<p>6. W przypadku uzyskania wiarygodnych informacji, \u017ce tre\u015bci niniejszej strony internetowej maj\u0105 charakter bezprawny lub naruszaj\u0105cy inne normy Administrator mo\u017ce:<\/p>\n\n<p>a) niezw\u0142ocznie zablokowa\u0107 dan\u0105 tre\u015b\u0107 w spos\u00f3b, \u017ce przestanie by\u0107 ona dost\u0119pna dla U\u017cytkownik\u00f3w,<\/p>\n\n<p>b) podj\u0105\u0107 czynno\u015bci wyja\u015bniaj\u0105ce w sprawie, w tym skontaktowa\u0107 si\u0119 z jej autorem umo\u017cliwiaj\u0105c mu odniesienie si\u0119 do podniesionych zarzut\u00f3w, w tym poprzez umo\u017cliwienie podmiotowi publikuj\u0105cemu i zg\u0142aszaj\u0105cemu wzajemne wyja\u015bnienie sprawy, zawiadomi\u0107 odpowiednie organy i zabezpieczy\u0107 dane w celu ich dalszego procedowania przez organy publiczne,<\/p>\n\n<p>c) w przypadkach ra\u017c\u0105cych usun\u0105\u0107 konto U\u017cytkownika, gdy b\u0119dzie to technicznie mo\u017cliwe.<\/p>\n\n<p>7. Administrator w przypadku podj\u0119cia dzia\u0142a\u0144 dotycz\u0105cych okre\u015blonej tre\u015bci zobowi\u0105zuje si\u0119 do niezw\u0142ocznego poinformowania o przyczynach podj\u0119tych dzia\u0142a\u0144 oraz o \u015brodkach odwo\u0142awczych.<\/p>\n\n<p>8. Administrator zastrzega sobie mo\u017cliwo\u015b\u0107 zabezpieczenia materia\u0142\u00f3w dla podmiot\u00f3w publicznych w celu umo\u017cliwienia \u015bcigania dzia\u0142a\u0144 mog\u0105cych mie\u0107 charakter przest\u0119pny.<\/p>\n\n<p>9. Zg\u0142aszaj\u0105cy oraz U\u017cytkownik mog\u0105 wnie\u015b\u0107 sprzeciw od decyzji Administratora w terminie 14 dni od otrzymania decyzji dotycz\u0105cej zg\u0142oszenia. Sprzeciw wraz z argumentacj\u0105 wnoszony jest za po\u015brednictwem adresu e-mail marcin.majchrzak@nprofit.pl wraz z danymi umo\u017cliwiaj\u0105cymi identyfikacj\u0119 podmiotu odwo\u0142uj\u0105cego si\u0119.<\/p>\n\n<p>10. Sprzeciw musi by\u0107 rozpoznany w terminie 60 dni od dnia jego wniesienia.<\/p>\n\n<p>11. W przypadku uwzgl\u0119dnienia sprzeciwu tre\u015b\u0107 mo\u017ce by\u0107 przywr\u00f3cona lub trwale usuni\u0119ta z niniejszej strony internetowej.<\/p>\n\n<p>12. Administrator zastrzega sobie prawo do blokowania dost\u0119pu do niniejszej strony internetowej podmiotom, kt\u00f3rych dzia\u0142anie zagra\u017ca\u0142o lub dzia\u0142a\u0142o na szkod\u0119 niniejszej strony internetowej lub innych os\u00f3b trzecich w spos\u00f3b oczywisty naruszaj\u0105c ich prawa, b\u0105d\u017a te\u017c wskazywa\u0142o na dzia\u0142anie o charakterze przest\u0119pnym.<\/p>\n\n<p>13. W przypadku skorzystania przez Administratora z uprawnie\u0144 opisanych w ust. 12 U\u017cytkownik, kt\u00f3rego dzia\u0142ania takie dotycz\u0105, otrzyma informacj\u0119 o przyczynach podj\u0119tych dzia\u0142a\u0144 oraz o drodze odwo\u0142awczej.<\/p>\n\n<p>14. W przypadku opisanym w ust. 12 droga odwo\u0142awcza z ust. 5- 11 stosuje si\u0119 odpowiednio.<\/p>\n\n<p>15. Moderacja wpis\u00f3w i analiza zg\u0142osze\u0144 nie odbywa si\u0119 w oparciu o automatyczne algorytmy i jest dokonywana indywidualnie w trosce o najwy\u017cszy standard poszanowania praw U\u017cytkownik\u00f3w i os\u00f3b trzecich.<\/p>\n\n<p>16. Administrator wskazuje, \u017ce przed opublikowaniem komentarzy na niniejszej strony internetowej dopuszcza si\u0119 moderacj\u0119 uprzedni\u0105 w postaci wymogu akceptacji tre\u015bci publikowanej przez U\u017cytkownika w celu weryfikacji czy tre\u015b\u0107 publikowana w spos\u00f3b oczywisty nie narusza prawa lub dobrych obyczaj\u00f3w.<\/p>\n\n<p>17. W przypadku profili Administratora na portalach spo\u0142eczno\u015bciowych takich jak Facebook, Instagram etc. Administrator b\u0119dzie korzysta\u0142 z rozwi\u0105za\u0144 tam udost\u0119pnionych w celu zapewnienia, aby prawa os\u00f3b trzecich nie by\u0142y naruszane. W zwi\u0105zku z tym wskazuje si\u0119, \u017ce dopuszczalna tam jest indywidualna moderacja w przypadku naruszenia prawa lub dobrych obyczaj\u00f3w.<\/p>\n\n<p><strong>10b Kontakt z podmiotami publicznymi<\/strong><\/p>\n\n<p>1. Wykonuj\u0105c zobowi\u0105zania publicznoprawne Administrator wskazuje, \u017ce do kontaktu z podmiotami publicznymi wskazuje nast\u0119puj\u0105ce dane:<\/p>\n\n<p>a) telefon: +48 537-559-119,<\/p>\n\n<p>b) adres e-mail: marcin.majchrzak@nprofit.pl.<\/p>\n\n<p>2. Czynno\u015bci w zakresie kontaktu z podmiotami publicznymi b\u0119d\u0105 wykonywane w terminach prawem przepisanych, a Administrator do\u0142o\u017cy wszelkich stara\u0144, aby wype\u0142ni\u0107 wszelkie obowi\u0105zki prawem na\u0142o\u017cone.<\/p>\n\n<p><strong>Art. 11.<\/strong><\/p>\n\n<p>Je\u017celi zajdzie potrzeba w szczeg\u00f3lno\u015bci natury prawnej b\u0105d\u017a technologicznej, Administrator dokona zmiany w tre\u015bci niniejszej polityki prywatno\u015bci strony internetowej w celu:<br \/>\u2013 dostosowania tre\u015bci niniejszej Polityki prywatno\u015bci do obowi\u0105zuj\u0105cych przepis\u00f3w prawa, kt\u00f3re mog\u0105 ulec zmianie w przysz\u0142o\u015bci, w szczeg\u00f3lno\u015bci w zakresie ochrony danych osobowych, prawa telekomunikacyjnego, us\u0142ug \u015bwiadczonych drog\u0105 elektroniczn\u0105 oraz reguluj\u0105cych prawa konsument\u00f3w;<br \/>\u2013 podwy\u017cszenia standard\u00f3w ochrony danych udost\u0119pnianych przez U\u017cytkownika.<\/p>\n\t\t\t\t\t\t\t\t<\/div>\n\t\t\t\t\t<\/div>\n\t\t\t\t<\/div>\n\t\t\t\t<\/div>\n\t\t","protected":false},"excerpt":{"rendered":"<p>Polityka prywatno\u015bci Art. 1. 1. Informujemy, \u017ce Administratorem danych osobowych jest NPROFIT Kamil Rybicki z siedzib\u0105 w Raczycach przy ul. Nowej 23, 63-430 Raczyce., tel: +48 535-521-978, e-mail: biuro@nprofit.pl.2. U\u017cytkownikiem w rozumieniu niniejszej Polityki Prywatno\u015bci jest osoba fizyczna korzystaj\u0105ca z niniejszej strony internetowej Administratora, w tym z formularzy kontaktowych oraz innych dost\u0119pnych tre\u015bci.3. Kontakt z [&hellip;]<\/p>\n","protected":false},"author":1,"featured_media":0,"parent":0,"menu_order":0,"comment_status":"closed","ping_status":"closed","template":"","meta":{"footnotes":""},"class_list":["post-42309","page","type-page","status-publish","hentry"],"yoast_head":"<!-- This site is optimized with the Yoast SEO plugin v27.0 - https:\/\/yoast.com\/product\/yoast-seo-wordpress\/ -->\n<title>Polityka prywatno\u015bci - NPROFIT<\/title>\n<meta name=\"robots\" content=\"index, follow, max-snippet:-1, max-image-preview:large, max-video-preview:-1\" \/>\n<link rel=\"canonical\" href=\"https:\/\/nprofit.net\/pl\/polityka-prywatnosci\/\" \/>\n<meta property=\"og:locale\" content=\"pl_PL\" \/>\n<meta property=\"og:type\" content=\"article\" \/>\n<meta property=\"og:title\" content=\"Polityka prywatno\u015bci - NPROFIT\" \/>\n<meta property=\"og:description\" content=\"Polityka prywatno\u015bci Art. 1. 1. Informujemy, \u017ce Administratorem danych osobowych jest NPROFIT Kamil Rybicki z siedzib\u0105 w Raczycach przy ul. Nowej 23, 63-430 Raczyce., tel: +48 535-521-978, e-mail: biuro@nprofit.pl.2. U\u017cytkownikiem w rozumieniu niniejszej Polityki Prywatno\u015bci jest osoba fizyczna korzystaj\u0105ca z niniejszej strony internetowej Administratora, w tym z formularzy kontaktowych oraz innych dost\u0119pnych tre\u015bci.3. Kontakt z [&hellip;]\" \/>\n<meta property=\"og:url\" content=\"https:\/\/nprofit.net\/pl\/polityka-prywatnosci\/\" \/>\n<meta property=\"og:site_name\" content=\"NPROFIT\" \/>\n<meta property=\"article:modified_time\" content=\"2025-10-28T06:51:04+00:00\" \/>\n<meta name=\"twitter:card\" content=\"summary_large_image\" \/>\n<meta name=\"twitter:label1\" content=\"Szacowany czas czytania\" \/>\n\t<meta name=\"twitter:data1\" content=\"11 minut\" \/>\n<script type=\"application\/ld+json\" class=\"yoast-schema-graph\">{\"@context\":\"https:\/\/schema.org\",\"@graph\":[{\"@type\":\"WebPage\",\"@id\":\"https:\/\/nprofit.net\/pl\/polityka-prywatnosci\/\",\"url\":\"https:\/\/nprofit.net\/pl\/polityka-prywatnosci\/\",\"name\":\"Polityka prywatno\u015bci - NPROFIT\",\"isPartOf\":{\"@id\":\"https:\/\/nprofit.net\/pl\/#website\"},\"datePublished\":\"2025-10-28T06:50:03+00:00\",\"dateModified\":\"2025-10-28T06:51:04+00:00\",\"breadcrumb\":{\"@id\":\"https:\/\/nprofit.net\/pl\/polityka-prywatnosci\/#breadcrumb\"},\"inLanguage\":\"pl-PL\",\"potentialAction\":[{\"@type\":\"ReadAction\",\"target\":[\"https:\/\/nprofit.net\/pl\/polityka-prywatnosci\/\"]}]},{\"@type\":\"BreadcrumbList\",\"@id\":\"https:\/\/nprofit.net\/pl\/polityka-prywatnosci\/#breadcrumb\",\"itemListElement\":[{\"@type\":\"ListItem\",\"position\":1,\"name\":\"Strona g\u0142\u00f3wna\",\"item\":\"https:\/\/nprofit.net\/pl\/\"},{\"@type\":\"ListItem\",\"position\":2,\"name\":\"Polityka prywatno\u015bci\"}]},{\"@type\":\"WebSite\",\"@id\":\"https:\/\/nprofit.net\/pl\/#website\",\"url\":\"https:\/\/nprofit.net\/pl\/\",\"name\":\"NPROFIT\",\"description\":\"\",\"publisher\":{\"@id\":\"https:\/\/nprofit.net\/pl\/#organization\"},\"potentialAction\":[{\"@type\":\"SearchAction\",\"target\":{\"@type\":\"EntryPoint\",\"urlTemplate\":\"https:\/\/nprofit.net\/pl\/?s={search_term_string}\"},\"query-input\":{\"@type\":\"PropertyValueSpecification\",\"valueRequired\":true,\"valueName\":\"search_term_string\"}}],\"inLanguage\":\"pl-PL\"},{\"@type\":\"Organization\",\"@id\":\"https:\/\/nprofit.net\/pl\/#organization\",\"name\":\"NPROFIT\",\"url\":\"https:\/\/nprofit.net\/pl\/\",\"logo\":{\"@type\":\"ImageObject\",\"inLanguage\":\"pl-PL\",\"@id\":\"https:\/\/nprofit.net\/pl\/#\/schema\/logo\/image\/\",\"url\":\"https:\/\/nprofit.net\/pl\/wp-content\/uploads\/2025\/07\/bigLogo.png\",\"contentUrl\":\"https:\/\/nprofit.net\/pl\/wp-content\/uploads\/2025\/07\/bigLogo.png\",\"width\":323,\"height\":50,\"caption\":\"NPROFIT\"},\"image\":{\"@id\":\"https:\/\/nprofit.net\/pl\/#\/schema\/logo\/image\/\"}}]}<\/script>\n<!-- \/ Yoast SEO plugin. -->","yoast_head_json":{"title":"Polityka prywatno\u015bci - NPROFIT","robots":{"index":"index","follow":"follow","max-snippet":"max-snippet:-1","max-image-preview":"max-image-preview:large","max-video-preview":"max-video-preview:-1"},"canonical":"https:\/\/nprofit.net\/pl\/polityka-prywatnosci\/","og_locale":"pl_PL","og_type":"article","og_title":"Polityka prywatno\u015bci - NPROFIT","og_description":"Polityka prywatno\u015bci Art. 1. 1. Informujemy, \u017ce Administratorem danych osobowych jest NPROFIT Kamil Rybicki z siedzib\u0105 w Raczycach przy ul. Nowej 23, 63-430 Raczyce., tel: +48 535-521-978, e-mail: biuro@nprofit.pl.2. U\u017cytkownikiem w rozumieniu niniejszej Polityki Prywatno\u015bci jest osoba fizyczna korzystaj\u0105ca z niniejszej strony internetowej Administratora, w tym z formularzy kontaktowych oraz innych dost\u0119pnych tre\u015bci.3. Kontakt z [&hellip;]","og_url":"https:\/\/nprofit.net\/pl\/polityka-prywatnosci\/","og_site_name":"NPROFIT","article_modified_time":"2025-10-28T06:51:04+00:00","twitter_card":"summary_large_image","twitter_misc":{"Szacowany czas czytania":"11 minut"},"schema":{"@context":"https:\/\/schema.org","@graph":[{"@type":"WebPage","@id":"https:\/\/nprofit.net\/pl\/polityka-prywatnosci\/","url":"https:\/\/nprofit.net\/pl\/polityka-prywatnosci\/","name":"Polityka prywatno\u015bci - NPROFIT","isPartOf":{"@id":"https:\/\/nprofit.net\/pl\/#website"},"datePublished":"2025-10-28T06:50:03+00:00","dateModified":"2025-10-28T06:51:04+00:00","breadcrumb":{"@id":"https:\/\/nprofit.net\/pl\/polityka-prywatnosci\/#breadcrumb"},"inLanguage":"pl-PL","potentialAction":[{"@type":"ReadAction","target":["https:\/\/nprofit.net\/pl\/polityka-prywatnosci\/"]}]},{"@type":"BreadcrumbList","@id":"https:\/\/nprofit.net\/pl\/polityka-prywatnosci\/#breadcrumb","itemListElement":[{"@type":"ListItem","position":1,"name":"Strona g\u0142\u00f3wna","item":"https:\/\/nprofit.net\/pl\/"},{"@type":"ListItem","position":2,"name":"Polityka prywatno\u015bci"}]},{"@type":"WebSite","@id":"https:\/\/nprofit.net\/pl\/#website","url":"https:\/\/nprofit.net\/pl\/","name":"NPROFIT","description":"","publisher":{"@id":"https:\/\/nprofit.net\/pl\/#organization"},"potentialAction":[{"@type":"SearchAction","target":{"@type":"EntryPoint","urlTemplate":"https:\/\/nprofit.net\/pl\/?s={search_term_string}"},"query-input":{"@type":"PropertyValueSpecification","valueRequired":true,"valueName":"search_term_string"}}],"inLanguage":"pl-PL"},{"@type":"Organization","@id":"https:\/\/nprofit.net\/pl\/#organization","name":"NPROFIT","url":"https:\/\/nprofit.net\/pl\/","logo":{"@type":"ImageObject","inLanguage":"pl-PL","@id":"https:\/\/nprofit.net\/pl\/#\/schema\/logo\/image\/","url":"https:\/\/nprofit.net\/pl\/wp-content\/uploads\/2025\/07\/bigLogo.png","contentUrl":"https:\/\/nprofit.net\/pl\/wp-content\/uploads\/2025\/07\/bigLogo.png","width":323,"height":50,"caption":"NPROFIT"},"image":{"@id":"https:\/\/nprofit.net\/pl\/#\/schema\/logo\/image\/"}}]}},"_links":{"self":[{"href":"https:\/\/nprofit.net\/pl\/wp-json\/wp\/v2\/pages\/42309","targetHints":{"allow":["GET"]}}],"collection":[{"href":"https:\/\/nprofit.net\/pl\/wp-json\/wp\/v2\/pages"}],"about":[{"href":"https:\/\/nprofit.net\/pl\/wp-json\/wp\/v2\/types\/page"}],"author":[{"embeddable":true,"href":"https:\/\/nprofit.net\/pl\/wp-json\/wp\/v2\/users\/1"}],"replies":[{"embeddable":true,"href":"https:\/\/nprofit.net\/pl\/wp-json\/wp\/v2\/comments?post=42309"}],"version-history":[{"count":0,"href":"https:\/\/nprofit.net\/pl\/wp-json\/wp\/v2\/pages\/42309\/revisions"}],"wp:attachment":[{"href":"https:\/\/nprofit.net\/pl\/wp-json\/wp\/v2\/media?parent=42309"}],"curies":[{"name":"wp","href":"https:\/\/api.w.org\/{rel}","templated":true}]}}